{"id":14817,"date":"2026-04-12T02:09:19","date_gmt":"2026-04-12T00:09:19","guid":{"rendered":"https:\/\/www.nicolsyacht.com\/unkategorisiert\/penichette-evolution-penichette-evolution-950\/"},"modified":"2026-04-15T13:19:22","modified_gmt":"2026-04-15T11:19:22","slug":"penichette-evolution-penichette-evolution-950","status":"publish","type":"product","link":"https:\/\/www.nicolsyacht.com\/de\/unsere-gebrauchtboote\/penichette-evolution-penichette-evolution-950\/","title":{"rendered":"Le Griffon PENICHETTE EVOLUTION 950"},"content":{"rendered":"<p>Dieses Boot ist ab Oktober 2025 verf\u00fcgbar und kann in der Basis in Loosdrecht in den Niederlanden besichtigt werden.<\/p>\n<p>Die P\u00e9nichette Terrasse\u00ae 8\/12 Pers. \u2013 4 Kabinen ist das gr\u00f6\u00dfte Terrassenmodell. Auf 15 Meter Gesamtl\u00e4nge gibt es ein viertes Schlafzimmer mit jeweils eigenem Waschbecken und eine gro\u00dfe, ger\u00e4umige Terrasse im Heck.<\/p>\n<p>Entdecken Sie die P\u00e9nichette Terrasse\u00ae 8\/12 Pers. \u2013 4 Kabinen im Detail<br \/>\n\u2022\tKapazit\u00e4t: 8 Personen (+ 4)<br \/>\n\u2022\tSteuerstand: Innensteuerstand<br \/>\n\u2022\tNasszellen: 4 Kabinen<br \/>\n\u2022\tVier Doppelkabinen mit Kleiderablage, Stauraum und Waschbecken (auf Wunsch Zusatzbett \u00fcber Doppelbett in beiden Bugkabinen m\u00f6glich)<br \/>\n\u2022\tSitzbank im Salon kann zu einem Doppelbett (Einzelbett in Italien) umgebaut werden<br \/>\n\u2022\tZwei Nasszellen mit Dusche, Waschbecken und zwei getrennte elektrische WCs<br \/>\n\u2022\tGro\u00dfer Salon mit zwei Schiebed\u00e4chern, komplett ausgestattete K\u00fcche<br \/>\n\u2022\tBreite Terrasse im Heck<\/p>\n","protected":false},"excerpt":{"rendered":"<p>Dieses Boot ist ab Oktober 2025 verf\u00fcgbar und kann in der Basis in Loosdrecht in den Niederlanden besichtigt werden. Die P\u00e9nichette Terrasse\u00ae 8\/12 Pers. \u2013 4 Kabinen ist das gr\u00f6\u00dfte Terrassenmodell. Auf 15 Meter Gesamtl\u00e4nge gibt es ein viertes Schlafzimmer mit jeweils eigenem Waschbecken und eine gro\u00dfe, ger\u00e4umige Terrasse im Heck. Entdecken Sie die P\u00e9nichette [&hellip;]<\/p>\n","protected":false},"featured_media":14752,"template":"","meta":{"_et_pb_use_builder":"","_et_pb_old_content":"","_et_gb_content_width":"","inline_featured_image":false},"product_cat":[343],"product_tag":[],"_links":{"self":[{"href":"https:\/\/www.nicolsyacht.com\/de\/wp-json\/wp\/v2\/product\/14817"}],"collection":[{"href":"https:\/\/www.nicolsyacht.com\/de\/wp-json\/wp\/v2\/product"}],"about":[{"href":"https:\/\/www.nicolsyacht.com\/de\/wp-json\/wp\/v2\/types\/product"}],"wp:featuredmedia":[{"embeddable":true,"href":"https:\/\/www.nicolsyacht.com\/de\/wp-json\/wp\/v2\/media\/14752"}],"wp:attachment":[{"href":"https:\/\/www.nicolsyacht.com\/de\/wp-json\/wp\/v2\/media?parent=14817"}],"wp:term":[{"taxonomy":"product_cat","embeddable":true,"href":"https:\/\/www.nicolsyacht.com\/de\/wp-json\/wp\/v2\/product_cat?post=14817"},{"taxonomy":"product_tag","embeddable":true,"href":"https:\/\/www.nicolsyacht.com\/de\/wp-json\/wp\/v2\/product_tag?post=14817"}],"curies":[{"name":"wp","href":"https:\/\/api.w.org\/{rel}","templated":true}]}}