{"id":12528,"date":"2024-01-15T12:27:45","date_gmt":"2024-01-15T11:27:46","guid":{"rendered":"https:\/\/www.nicolsyacht.com\/?post_type=product&#038;p=12528"},"modified":"2024-01-19T12:50:25","modified_gmt":"2024-01-19T11:50:25","slug":"estivale-sixto-mehr","status":"publish","type":"product","link":"https:\/\/www.nicolsyacht.com\/de\/neufs\/cruisers-estivale\/estivale-sixto-mehr\/","title":{"rendered":"Estivale Sixto +"},"content":{"rendered":"<p><strong>Neuheit 2024<\/strong>: Nach dem Erfolg der Estivale SIXTO, deren erste Einheit 2012 vom Stapel lief, welche 2012 herauskam, bringt unsere Werft Nicol&#8217;s Yacht 2024 eine neue Version mit dem Namen \u201eSixto +\u201d auf den Markt. Um den steigenden Komfortanspr\u00fcchen unserer Freizeitkapit\u00e4ne gerecht zu werden, ist dieses Hausboot mit folgenden Ausstattungsmerkmalen versehen:<\/p>\n<ul>\n<li><strong>3 Kabinen + 3 B\u00e4der<\/strong>, was es zu einem perfekten Boot f\u00fcr 3 Paare oder 2 Paare und 2 Kinder macht<\/li>\n<li><b>Klimaanlage bei Landstromanschluss<\/b>, die in den Sommermonaten sehr beliebt ist<\/li>\n<li>Ein <strong>Bimini auf dem Oberdeck<\/strong>, damit Sie unter diesem Sonnensegel bequem steuern k\u00f6nnen<\/li>\n<\/ul>\n<p>\u00a0 Weiterhin verf\u00fcgt es \u00fcber eine <b>Heckterrasse auf derselben Ebene<\/b> wie das Wohnzimmer (Zugang \u00fcber eine gro\u00dfe Schiebet\u00fcr), die bereits von der Baureihe Sedan bekannt und von den Nutzern gesch\u00e4tzt wird. Auf der Heckterrasse k\u00f6nnen Sie im Freien essen und f\u00fcr hei\u00dfe Tage ist diese mit einem Sonnendach ausgestattet! Im Heckbereich ist auch die bereits traditionelle T\u00fcr zu finden, die mit ihren gro\u00dfz\u00fcgigen Ma\u00dfen einen bequemen Zugang von einem Ponton auf die Terrasse erm\u00f6glicht. Aber die Baureihe \u201eEstivale\u201c bietet noch ein Extra: Sie ist mit zwei in den Rumpf eingelassenen Seitent\u00fcren ausgestattet, die den seitlichen Ausstieg aus dem Boot erleichtern. Sehr praktisch vor allem an \u201ewilden\u201c Liegepl\u00e4tzen! Installieren Sie einfach die Br\u00fccke, um ans Ufer zu gelangen\u2026 Das Sonnendeck ist \u00fcber eine eingelassene Treppe mit Handlauf zug\u00e4nglich \u2013 so werden Komfort und Sicherheit gew\u00e4hrleistet. Das Oberdeck bietet einen zweiten \u201eversenkbaren\u201c Steuerstand nach \u201eJet-Ski\u201c-Art, um die Benutzung zu erleichtern, wenn man auf der Bank sitzt. Am Bug befindet sich eine zweite kleine, in den Rumpf eingelassene und mit Tisch und Bank ausgestattete Terrasse, von der aus man w\u00e4hrend der Fahrt einen einmaligen Blick auf den Fluss genie\u00dft. Schlie\u00dflich bietet auch die umfangreiche Ausstattung an Bord h\u00f6chsten Komfort:<\/p>\n<ul>\n<li>Jede der 3 Kabinen verf\u00fcgt \u00fcber einen direkten Zugang zum eigenen Badezimmer (Waschbecken \/ Dusche, WC)<\/li>\n<li>Im Wohnzimmer: LCD-Fernseher mit DVD-Player + Radio CD MP3<\/li>\n<li>In der K\u00fcche: gro\u00dfer Komfort mit 220-Liter-K\u00fchlschrank und Gefrierfach, 4-Flammen-Kochfeld und Backofen \/ Grill sowie zahlreichen Ablagem\u00f6glichkeiten&#8230;<\/li>\n<li>Bugstrahlruder, das der Steuermann zu sch\u00e4tzen wissen wird, um mit diesem 13,50 m langen Boot problemlos man\u00f6vrieren zu k\u00f6nnen<\/li>\n<li>Und nicht zu vergessen: 220-Volt-Landanschluss, Badeleiter, Au\u00dfendusche,<\/li>\n<\/ul>\n<div id=\"gtx-trans\" style=\"position: absolute; left: -49px; top: 880.844px;\">\n<div class=\"gtx-trans-icon\">\u00a0<\/div>\n<\/div>\n","protected":false},"excerpt":{"rendered":"<p>Mit seinen 3 gro\u00dfz\u00fcgig bemessenen Kabinen ist es das ideale Boot f\u00fcr 3 Paare.<\/p>\n","protected":false},"featured_media":12532,"template":"","meta":{"_et_pb_use_builder":"","_et_pb_old_content":"","_et_gb_content_width":"","inline_featured_image":false},"product_cat":[321,322],"product_tag":[],"_links":{"self":[{"href":"https:\/\/www.nicolsyacht.com\/de\/wp-json\/wp\/v2\/product\/12528"}],"collection":[{"href":"https:\/\/www.nicolsyacht.com\/de\/wp-json\/wp\/v2\/product"}],"about":[{"href":"https:\/\/www.nicolsyacht.com\/de\/wp-json\/wp\/v2\/types\/product"}],"wp:featuredmedia":[{"embeddable":true,"href":"https:\/\/www.nicolsyacht.com\/de\/wp-json\/wp\/v2\/media\/12532"}],"wp:attachment":[{"href":"https:\/\/www.nicolsyacht.com\/de\/wp-json\/wp\/v2\/media?parent=12528"}],"wp:term":[{"taxonomy":"product_cat","embeddable":true,"href":"https:\/\/www.nicolsyacht.com\/de\/wp-json\/wp\/v2\/product_cat?post=12528"},{"taxonomy":"product_tag","embeddable":true,"href":"https:\/\/www.nicolsyacht.com\/de\/wp-json\/wp\/v2\/product_tag?post=12528"}],"curies":[{"name":"wp","href":"https:\/\/api.w.org\/{rel}","templated":true}]}}