{"id":12167,"date":"2023-04-22T02:09:28","date_gmt":"2023-04-22T00:09:28","guid":{"rendered":"https:\/\/www.nicolsyacht.com\/unkategorisiert\/baraigne-estivale-sixto-prestige\/"},"modified":"2026-04-30T02:06:15","modified_gmt":"2026-04-30T00:06:15","slug":"baraigne-estivale-sixto-prestige","status":"publish","type":"product","link":"https:\/\/www.nicolsyacht.com\/de\/unsere-gebrauchtboote\/die-estivale-cruisers-de\/baraigne-estivale-sixto-prestige\/","title":{"rendered":"MALPAS Estivale Sixto Prestige C"},"content":{"rendered":"<p>Dieses Boot ist verf\u00fcgbar ab Oktober 2025 &amp; kann an der NICOLS Basis in Port-Lauragais (D\u00e9partement 31 \/ Midi Pyr\u00e9n\u00e9es) besichtigt werden.<\/p>\n<p>Dieses f\u00fchrerscheinfreie Hausboot, welches 2017 in der Werft von Nicols Yacht entwickelt wurde, bietet Ihnen maximalen Komfort, wie etwa:<br \/>\n    2 TV mit Satellitenantenne,<br \/>\n    Mikrowelle,<br \/>\n    Geschirrsp\u00fclmaschine,<br \/>\n    Klimaanlage,<br \/>\n    Umkleideraum mit safe<br \/>\n    Bugstrahlruder uvm<br \/>\nVom Nicols Sixto Prestige inspiriert besitzt es dar\u00fcber hinaus eine Klimaanlage (daher der Name  SIXTO PRESTIGE C), und seine 2 Kabinen und 2 privaten Badezimmer sind ideal f\u00fcr 2 Paare geeignet, die Wert auf ihre Intimsph\u00e4re legen.<\/p>\n<p>Die NICOLS\u00ae-Werft steht f\u00fcr:<br \/>\nEinen franz\u00f6sischen Hersteller und Vermieter mit 35 Jahren Erfahrung,<br \/>\neine vielseitige Produktreihe, die auf die Erwartungen der Kunden abgestimmt ist,<br \/>\nneue Modelle und kontinuierliche Innovationen,<br \/>\neine Flotte mit eleganter und schlanker Silhouette,<br \/>\nhelle, ger\u00e4umige und luftige Sportboote,<br \/>\nBoote f\u00fcr Familien, mit einem H\u00f6chstma\u00df an Sicherheit,<br \/>\nStationen mit pers\u00f6nlicher Betreuung (nur bei NICOLS\u00ae) und<br \/>\nPr\u00e4senz in den sch\u00f6nsten Regionen Frankreichs sowie in Deutschland, den Niederlanden, Ungarn und Portugal.<br \/>\nUnsere Hausboote werden \u00fcber die gesamte Saison instand gehalten und im Winter trockengelegt, um Deck und Rumpf vollst\u00e4ndig und gr\u00fcndlich zu \u00fcberpr\u00fcfen und ein Antifouling vorzunehmen.<\/p>\n<p>Die Vorteile des NICOLS\u00ae-Service:<br \/>\nMit unserem Netzwerk von Abfahrtsorten in ganz Frankreich k\u00f6nnen Sie die Dienste einiger unserer Basen nutzen, die Ihnen folgendes anbieten:<\/p>\n<p>Ankerplatz f\u00fcr Ihr Boot<br \/>\n\u00dcberwinterung mit Reparaturen<br \/>\nMontage zus\u00e4tzlicher Ausr\u00fcstung<br \/>\nBootsf\u00fchrerschein<\/p>\n<p>Ersatzteile:<br \/>\nNICOLS\u00ae verf\u00fcgt als Konstrukteur und Vermieter \u00fcber ein Lager, in dem Ersatzteile und anderes Zubeh\u00f6r zur Verf\u00fcgung stehen. Hiermit stehen wir Ihnen f\u00fcr Beratung und Dienstleistungen jederzeit zur Verf\u00fcgung.<br \/>\nEin Jahresbudget f\u00fcr die Wartung?<br \/>\nDie Konstruktion der NICOLS\u00ae-Hausboote mit Polyesterrumpf erfordert ein nur sehr geringes Wartungsbudget. Die einfache, praktische und pragmatische Bauweise, urspr\u00fcnglich f\u00fcr die Vermietung bestimmt, tr\u00e4gt au\u00dferdem zu diesen niedrigen Kosten bei.<br \/>\nAls Eigent\u00fcmer muss das Boot alle 3-4 Jahre trockengelegt werden. Der Rest ist wie beim Auto &#8211; es erfordert eine regelm\u00e4\u00dfige Instandhaltung, den \u00d6lwechsel.<\/p>\n<p>Hier ist nicht das richtige Boot dabei? Bitte kontaktieren Sie uns, um gemeinsam Ihr passendes Hausboot zu finden.<\/p>\n","protected":false},"excerpt":{"rendered":"<p>Dieses Boot ist verf\u00fcgbar ab Oktober 2025 &amp; kann an der NICOLS Basis in Port-Lauragais (D\u00e9partement 31 \/ Midi Pyr\u00e9n\u00e9es) besichtigt werden. Dieses f\u00fchrerscheinfreie Hausboot, welches 2017 in der Werft von Nicols Yacht entwickelt wurde, bietet Ihnen maximalen Komfort, wie etwa: 2 TV mit Satellitenantenne, Mikrowelle, Geschirrsp\u00fclmaschine, Klimaanlage, Umkleideraum mit safe Bugstrahlruder uvm Vom Nicols [&hellip;]<\/p>\n","protected":false},"featured_media":13667,"template":"","meta":{"_et_pb_use_builder":"","_et_pb_old_content":"","_et_gb_content_width":"","inline_featured_image":false},"product_cat":[343,1659],"product_tag":[],"_links":{"self":[{"href":"https:\/\/www.nicolsyacht.com\/de\/wp-json\/wp\/v2\/product\/12167"}],"collection":[{"href":"https:\/\/www.nicolsyacht.com\/de\/wp-json\/wp\/v2\/product"}],"about":[{"href":"https:\/\/www.nicolsyacht.com\/de\/wp-json\/wp\/v2\/types\/product"}],"wp:featuredmedia":[{"embeddable":true,"href":"https:\/\/www.nicolsyacht.com\/de\/wp-json\/wp\/v2\/media\/13667"}],"wp:attachment":[{"href":"https:\/\/www.nicolsyacht.com\/de\/wp-json\/wp\/v2\/media?parent=12167"}],"wp:term":[{"taxonomy":"product_cat","embeddable":true,"href":"https:\/\/www.nicolsyacht.com\/de\/wp-json\/wp\/v2\/product_cat?post=12167"},{"taxonomy":"product_tag","embeddable":true,"href":"https:\/\/www.nicolsyacht.com\/de\/wp-json\/wp\/v2\/product_tag?post=12167"}],"curies":[{"name":"wp","href":"https:\/\/api.w.org\/{rel}","templated":true}]}}