{"id":10392,"date":"2021-10-20T16:46:18","date_gmt":"2021-10-20T14:46:18","guid":{"rendered":"https:\/\/www.nicolsyacht.com\/verwaltungsprogramm\/"},"modified":"2025-10-22T12:06:23","modified_gmt":"2025-10-22T10:06:23","slug":"verwaltungsprogramm","status":"publish","type":"page","link":"https:\/\/www.nicolsyacht.com\/de\/verwaltungsprogramm\/","title":{"rendered":"Entdecken Sie unser Eigent\u00fcmerprogramm mit der Formel \u201eVerwaltung + Vermietung\u201c."},"content":{"rendered":"<p>[et_pb_section fb_built=&#8221;1&#8243; _builder_version=&#8221;4.9.9&#8243;][et_pb_row column_structure=&#8221;2_3,1_3&#8243; _builder_version=&#8221;4.9.9&#8243; background_size=&#8221;initial&#8221; background_position=&#8221;top_left&#8221; background_repeat=&#8221;repeat&#8221;][et_pb_column type=&#8221;2_3&#8243; _builder_version=&#8221;3.0.47&#8243; custom_padding=&#8221;|||&#8221; custom_padding__hover=&#8221;|||&#8221;][et_pb_text admin_label=&#8221;Texte&#8221; _builder_version=&#8221;4.9.9&#8243; link_text_color=&#8221;gcid-a6c61b85-5c58-4681-890a-43986b4c8dad&#8221; vertical_offset_tablet=&#8221;0&#8243; horizontal_offset_tablet=&#8221;0&#8243; hover_enabled=&#8221;0&#8243; z_index_tablet=&#8221;0&#8243; text_text_shadow_horizontal_length_tablet=&#8221;0px&#8221; text_text_shadow_vertical_length_tablet=&#8221;0px&#8221; text_text_shadow_blur_strength_tablet=&#8221;1px&#8221; link_text_shadow_horizontal_length_tablet=&#8221;0px&#8221; link_text_shadow_vertical_length_tablet=&#8221;0px&#8221; link_text_shadow_blur_strength_tablet=&#8221;1px&#8221; ul_text_shadow_horizontal_length_tablet=&#8221;0px&#8221; ul_text_shadow_vertical_length_tablet=&#8221;0px&#8221; ul_text_shadow_blur_strength_tablet=&#8221;1px&#8221; ol_text_shadow_horizontal_length_tablet=&#8221;0px&#8221; ol_text_shadow_vertical_length_tablet=&#8221;0px&#8221; ol_text_shadow_blur_strength_tablet=&#8221;1px&#8221; quote_text_shadow_horizontal_length_tablet=&#8221;0px&#8221; quote_text_shadow_vertical_length_tablet=&#8221;0px&#8221; quote_text_shadow_blur_strength_tablet=&#8221;1px&#8221; header_text_shadow_horizontal_length_tablet=&#8221;0px&#8221; header_text_shadow_vertical_length_tablet=&#8221;0px&#8221; header_text_shadow_blur_strength_tablet=&#8221;1px&#8221; header_2_text_shadow_horizontal_length_tablet=&#8221;0px&#8221; header_2_text_shadow_vertical_length_tablet=&#8221;0px&#8221; header_2_text_shadow_blur_strength_tablet=&#8221;1px&#8221; header_3_text_shadow_horizontal_length_tablet=&#8221;0px&#8221; header_3_text_shadow_vertical_length_tablet=&#8221;0px&#8221; header_3_text_shadow_blur_strength_tablet=&#8221;1px&#8221; header_4_text_shadow_horizontal_length_tablet=&#8221;0px&#8221; header_4_text_shadow_vertical_length_tablet=&#8221;0px&#8221; header_4_text_shadow_blur_strength_tablet=&#8221;1px&#8221; header_5_text_shadow_horizontal_length_tablet=&#8221;0px&#8221; header_5_text_shadow_vertical_length_tablet=&#8221;0px&#8221; header_5_text_shadow_blur_strength_tablet=&#8221;1px&#8221; header_6_text_shadow_horizontal_length_tablet=&#8221;0px&#8221; header_6_text_shadow_vertical_length_tablet=&#8221;0px&#8221; header_6_text_shadow_blur_strength_tablet=&#8221;1px&#8221; box_shadow_horizontal_tablet=&#8221;0px&#8221; box_shadow_vertical_tablet=&#8221;0px&#8221; box_shadow_blur_tablet=&#8221;40px&#8221; box_shadow_spread_tablet=&#8221;0px&#8221; global_colors_info=&#8221;{%22gcid-a6c61b85-5c58-4681-890a-43986b4c8dad%22:%91%22link_text_color%22%93}&#8221; sticky_enabled=&#8221;0&#8243;]<\/p>\n<p>Es ist ganz einfach, Eigent\u00fcmer eines unserer verwalteten Boote zu werden, und Sie k\u00f6nnen so das Vergn\u00fcgen des Bootsfahrens mit einer Finanzanlage verbinden.<\/p>\n<p>Wir k\u00fcmmern uns um alles, sodass Sie von den Dienstleistungen von Nicol\u2019s Yacht und Riverly sowie zahlreichen Vorteilen profitieren k\u00f6nnen.<\/p>\n<ul>\n<li><strong>Wartung<\/strong><\/li>\n<li><strong>Kundendienst<\/strong><\/li>\n<li><strong>Betriebskosten<\/strong><\/li>\n<li><strong>Verf\u00fcgbar bei neuen Booten der Baureihe Fly<\/strong><\/li>\n<li><strong>Vertragsdauer: 8 Jahre<\/strong><\/li>\n<li><strong>Garantierte Jahresrendite 8 %<\/strong><\/li>\n<li><strong>R\u00fcckkauf zu 50\u00a0% des investierten Nettopreises<\/strong><\/li>\n<li><strong>Mehrwertsteuerr\u00fcckerstattung m\u00f6glich<\/strong><\/li>\n<li><strong>Finanzierung \u00fcber unseren Finanzpartner VIAXEL (Tochter der Cr\u00e9dit Agricole) <\/strong><\/li>\n<li><strong>1 Woche Nutzung seines Bootes in der Hauptsaison <\/strong><\/li>\n<li><strong>2 Wochen au\u00dferhalb der Saison, oder an einem anderen Standort auf einem Boot des gleichen Typs<\/strong><\/li>\n<li><strong>20 % Rabatt auf alle Bootstouren innerhalb unseres Partnernetzes<\/strong><\/li>\n<\/ul>\n<h3 class=\"widgettitle\">AM VERWALTUNGSPROGRAMM INTERESSIERT?<\/h3>\n<p>Z\u00f6gern Sie nicht, <a href=\"https:\/\/nicols-yachts.a3web.fr\/contactez-nous\/\">uns zu kontaktieren<\/a>, damit wir Ihnen nach sorgf\u00e4ltiger Pr\u00fcfung eine Simulation Ihres personalisierten Verwaltungsmandats vorstellen k\u00f6nnen.<\/p>\n<p>&nbsp;<\/p>\n<p>[\/et_pb_text][nyd_button button_url=&#8221;\/contactez-nous&#8221; button_text=&#8221;Contactez-nous&#8221; button_theme=&#8221;primary&#8221; button_alignment=&#8221;start&#8221; _builder_version=&#8221;4.9.9&#8243; vertical_offset_tablet=&#8221;0&#8243; horizontal_offset_tablet=&#8221;0&#8243; hover_enabled=&#8221;0&#8243; button_text_shadow_horizontal_length_tablet=&#8221;0px&#8221; button_text_shadow_vertical_length_tablet=&#8221;0px&#8221; button_text_shadow_blur_strength_tablet=&#8221;1px&#8221; sticky_enabled=&#8221;0&#8243;][\/nyd_button][\/et_pb_column]<\/p>\n<p>[et_pb_column type=&#8221;1_3&#8243; _builder_version=&#8221;3.0.47&#8243; custom_padding=&#8221;|||&#8221; custom_padding__hover=&#8221;|||&#8221;][et_pb_image src=&#8221;https:\/\/www.nicolsyacht.com\/wp-content\/uploads\/2021\/06\/programme-gestion.jpg&#8221; _builder_version=&#8221;4.9.4&#8243; vertical_offset_tablet=&#8221;0&#8243; horizontal_offset_tablet=&#8221;0&#8243; z_index_tablet=&#8221;0&#8243; box_shadow_horizontal_tablet=&#8221;0px&#8221; box_shadow_vertical_tablet=&#8221;0px&#8221; box_shadow_blur_tablet=&#8221;40px&#8221; box_shadow_spread_tablet=&#8221;0px&#8221;][\/et_pb_image][\/et_pb_column]<\/p>\n<p>[\/et_pb_row][\/et_pb_section]<\/p>\n","protected":false},"excerpt":{"rendered":"<p>[et_pb_section fb_built=&#8221;1&#8243; _builder_version=&#8221;4.9.9&#8243;][et_pb_row column_structure=&#8221;2_3,1_3&#8243; _builder_version=&#8221;4.9.9&#8243; background_size=&#8221;initial&#8221; background_position=&#8221;top_left&#8221; background_repeat=&#8221;repeat&#8221;][et_pb_column type=&#8221;2_3&#8243; _builder_version=&#8221;3.0.47&#8243; custom_padding=&#8221;|||&#8221; custom_padding__hover=&#8221;|||&#8221;][et_pb_text admin_label=&#8221;Texte&#8221; _builder_version=&#8221;4.9.9&#8243; link_text_color=&#8221;gcid-a6c61b85-5c58-4681-890a-43986b4c8dad&#8221; vertical_offset_tablet=&#8221;0&#8243; horizontal_offset_tablet=&#8221;0&#8243; hover_enabled=&#8221;0&#8243; z_index_tablet=&#8221;0&#8243; text_text_shadow_horizontal_length_tablet=&#8221;0px&#8221; text_text_shadow_vertical_length_tablet=&#8221;0px&#8221; text_text_shadow_blur_strength_tablet=&#8221;1px&#8221; link_text_shadow_horizontal_length_tablet=&#8221;0px&#8221; link_text_shadow_vertical_length_tablet=&#8221;0px&#8221; link_text_shadow_blur_strength_tablet=&#8221;1px&#8221; ul_text_shadow_horizontal_length_tablet=&#8221;0px&#8221; ul_text_shadow_vertical_length_tablet=&#8221;0px&#8221; ul_text_shadow_blur_strength_tablet=&#8221;1px&#8221; ol_text_shadow_horizontal_length_tablet=&#8221;0px&#8221; ol_text_shadow_vertical_length_tablet=&#8221;0px&#8221; ol_text_shadow_blur_strength_tablet=&#8221;1px&#8221; quote_text_shadow_horizontal_length_tablet=&#8221;0px&#8221; quote_text_shadow_vertical_length_tablet=&#8221;0px&#8221; quote_text_shadow_blur_strength_tablet=&#8221;1px&#8221; header_text_shadow_horizontal_length_tablet=&#8221;0px&#8221; header_text_shadow_vertical_length_tablet=&#8221;0px&#8221; header_text_shadow_blur_strength_tablet=&#8221;1px&#8221; header_2_text_shadow_horizontal_length_tablet=&#8221;0px&#8221; header_2_text_shadow_vertical_length_tablet=&#8221;0px&#8221; header_2_text_shadow_blur_strength_tablet=&#8221;1px&#8221; header_3_text_shadow_horizontal_length_tablet=&#8221;0px&#8221; header_3_text_shadow_vertical_length_tablet=&#8221;0px&#8221; header_3_text_shadow_blur_strength_tablet=&#8221;1px&#8221; header_4_text_shadow_horizontal_length_tablet=&#8221;0px&#8221; header_4_text_shadow_vertical_length_tablet=&#8221;0px&#8221; header_4_text_shadow_blur_strength_tablet=&#8221;1px&#8221; header_5_text_shadow_horizontal_length_tablet=&#8221;0px&#8221; header_5_text_shadow_vertical_length_tablet=&#8221;0px&#8221; header_5_text_shadow_blur_strength_tablet=&#8221;1px&#8221; header_6_text_shadow_horizontal_length_tablet=&#8221;0px&#8221; header_6_text_shadow_vertical_length_tablet=&#8221;0px&#8221; header_6_text_shadow_blur_strength_tablet=&#8221;1px&#8221; box_shadow_horizontal_tablet=&#8221;0px&#8221; box_shadow_vertical_tablet=&#8221;0px&#8221; box_shadow_blur_tablet=&#8221;40px&#8221; [&hellip;]<\/p>\n","protected":false},"author":1,"featured_media":0,"parent":0,"menu_order":0,"comment_status":"closed","ping_status":"closed","template":"","meta":{"_et_pb_use_builder":"on","_et_pb_old_content":"","_et_gb_content_width":"","inline_featured_image":false},"_links":{"self":[{"href":"https:\/\/www.nicolsyacht.com\/de\/wp-json\/wp\/v2\/pages\/10392"}],"collection":[{"href":"https:\/\/www.nicolsyacht.com\/de\/wp-json\/wp\/v2\/pages"}],"about":[{"href":"https:\/\/www.nicolsyacht.com\/de\/wp-json\/wp\/v2\/types\/page"}],"author":[{"embeddable":true,"href":"https:\/\/www.nicolsyacht.com\/de\/wp-json\/wp\/v2\/users\/1"}],"replies":[{"embeddable":true,"href":"https:\/\/www.nicolsyacht.com\/de\/wp-json\/wp\/v2\/comments?post=10392"}],"version-history":[{"count":8,"href":"https:\/\/www.nicolsyacht.com\/de\/wp-json\/wp\/v2\/pages\/10392\/revisions"}],"predecessor-version":[{"id":14440,"href":"https:\/\/www.nicolsyacht.com\/de\/wp-json\/wp\/v2\/pages\/10392\/revisions\/14440"}],"wp:attachment":[{"href":"https:\/\/www.nicolsyacht.com\/de\/wp-json\/wp\/v2\/media?parent=10392"}],"curies":[{"name":"wp","href":"https:\/\/api.w.org\/{rel}","templated":true}]}}